{"id":565,"date":"2017-01-19T10:09:46","date_gmt":"2017-01-19T09:09:46","guid":{"rendered":"http:\/\/dev.codefusion.pl\/niedworok-schody\/prototyp2\/?page_id=565"},"modified":"2018-02-20T22:09:21","modified_gmt":"2018-02-20T21:09:21","slug":"o-firmie","status":"publish","type":"page","link":"http:\/\/www.niedworok-schody.pl\/de\/o-firmie\/","title":{"rendered":"\u00dcber uns"},"content":{"rendered":"Unser Unternehmen wurde im Jahre 2004 gegr\u00fcndet. Dank unserer langj\u00e4hrigen, international erworbenen Erfahrung, sind wir im Stande, Ihnen Treppen h\u00f6chster Qualit\u00e4t anzubieten.<br \/>\nIn unserem Angebot finden Sie hochwertige <a href=\"\/services\/stairs\/\">Holztreppen<\/a>, <a href=\"\/portfolio-category\/schody-stalowe\/\">Treppen auf Stahlkonstruktion<\/a>, sowie <a href=\"\/services\/balustrades\/\">Gel\u00e4nder<\/a>. Wir sind spezialisiert in der modernen Anfertigungs-Technologie von erstrangigen Handl\u00e4ufen und Treppenwangen f\u00fcr Holztreppen (sog. Kr\u00fcmmlingen), die Ihren Treppen Leichtigkeit verleihen.<\/p>\n<p>Die Grundlage unserer Treppen bilden sowohl hochqualitative heimische Holzarten (Buche, Buche ged\u00e4mpft, Eiche, Ahorn, Esche), als auch bestes exotisches Holz (z.B. Mahagoni, Iroko, Merbau).<\/p>\n<p>Unser Service erstreckt sich von der Vermessung, \u00fcber die Fertigstellung des Projekts und eine Computervisualisierung bis hin zur Preissch\u00e4tzung. Bei der Montage ber\u00fccksichtigen wir selbstverst\u00e4ndlich die Bed\u00fcrfnisse und Suggestionen unser Kunden. Wir sind offen f\u00fcr Ihre Vorschl\u00e4ge und garantieren solide Arbeitsleistung.","protected":false},"excerpt":{"rendered":"<p>Unser Unternehmen wurde im Jahre 2004 gegr\u00fcndet. Dank unserer langj\u00e4hrigen, international erworbenen Erfahrung, sind wir im Stande, Ihnen Treppen h\u00f6chster Qualit\u00e4t anzubieten. In unserem Angebot finden Sie hochwertige Holztreppen, Treppen auf Stahlkonstruktion, sowie Gel\u00e4nder. Wir sind spezialisiert in der modernen Anfertigungs-Technologie von erstrangigen Handl\u00e4ufen und Treppenwangen f\u00fcr Holztreppen (sog. Kr\u00fcmmlingen), die Ihren Treppen Leichtigkeit verleihen. [&hellip;]<\/p>\n","protected":false},"author":3,"featured_media":0,"parent":0,"menu_order":0,"comment_status":"closed","ping_status":"closed","template":"templates\/template-fullwidth.php","meta":{"ngg_post_thumbnail":0},"_links":{"self":[{"href":"http:\/\/www.niedworok-schody.pl\/de\/wp-json\/wp\/v2\/pages\/565"}],"collection":[{"href":"http:\/\/www.niedworok-schody.pl\/de\/wp-json\/wp\/v2\/pages"}],"about":[{"href":"http:\/\/www.niedworok-schody.pl\/de\/wp-json\/wp\/v2\/types\/page"}],"author":[{"embeddable":true,"href":"http:\/\/www.niedworok-schody.pl\/de\/wp-json\/wp\/v2\/users\/3"}],"replies":[{"embeddable":true,"href":"http:\/\/www.niedworok-schody.pl\/de\/wp-json\/wp\/v2\/comments?post=565"}],"version-history":[{"count":6,"href":"http:\/\/www.niedworok-schody.pl\/de\/wp-json\/wp\/v2\/pages\/565\/revisions"}],"predecessor-version":[{"id":1064,"href":"http:\/\/www.niedworok-schody.pl\/de\/wp-json\/wp\/v2\/pages\/565\/revisions\/1064"}],"wp:attachment":[{"href":"http:\/\/www.niedworok-schody.pl\/de\/wp-json\/wp\/v2\/media?parent=565"}],"curies":[{"name":"wp","href":"https:\/\/api.w.org\/{rel}","templated":true}]}}